{"id":307,"date":"2023-05-12T17:51:12","date_gmt":"2023-05-12T17:51:12","guid":{"rendered":"https:\/\/innovationprojects.lt\/?page_id=307"},"modified":"2023-05-18T09:01:49","modified_gmt":"2023-05-18T09:01:49","slug":"slapukai","status":"publish","type":"page","link":"https:\/\/daumantas007mainsite.r2ait.in\/index.php\/slapukai\/","title":{"rendered":"Slapukai"},"content":{"rendered":"\t\t<div data-elementor-type=\"wp-page\" data-elementor-id=\"307\" class=\"elementor elementor-307\">\n\t\t\t\t\t\t<section class=\"elementor-section elementor-top-section elementor-element elementor-element-31024bc elementor-section-boxed elementor-section-height-default elementor-section-height-default\" data-id=\"31024bc\" data-element_type=\"section\" data-e-type=\"section\">\n\t\t\t\t\t\t<div class=\"elementor-container elementor-column-gap-default\">\n\t\t\t\t\t<div class=\"elementor-column elementor-col-100 elementor-top-column elementor-element elementor-element-4824559\" data-id=\"4824559\" data-element_type=\"column\" data-e-type=\"column\">\n\t\t\t<div class=\"elementor-widget-wrap elementor-element-populated\">\n\t\t\t\t\t\t<div class=\"elementor-element elementor-element-d266715 elementor-widget elementor-widget-text-editor\" data-id=\"d266715\" data-element_type=\"widget\" data-e-type=\"widget\" data-widget_type=\"text-editor.default\">\n\t\t\t\t<div class=\"elementor-widget-container\">\n\t\t\t\t\t\t\t\t\t<p>SLAPUKAI<\/p>\t\t\t\t\t\t\t\t<\/div>\n\t\t\t\t<\/div>\n\t\t\t\t\t<\/div>\n\t\t<\/div>\n\t\t\t\t\t<\/div>\n\t\t<\/section>\n\t\t\t\t<section class=\"elementor-section elementor-top-section elementor-element elementor-element-f000243 elementor-section-boxed elementor-section-height-default elementor-section-height-default\" data-id=\"f000243\" data-element_type=\"section\" data-e-type=\"section\">\n\t\t\t\t\t\t<div class=\"elementor-container elementor-column-gap-default\">\n\t\t\t\t\t<div class=\"elementor-column elementor-col-100 elementor-top-column elementor-element elementor-element-976aaa3\" data-id=\"976aaa3\" data-element_type=\"column\" data-e-type=\"column\">\n\t\t\t<div class=\"elementor-widget-wrap elementor-element-populated\">\n\t\t\t\t\t\t<div class=\"elementor-element elementor-element-b68bc48 elementor-widget elementor-widget-text-editor\" data-id=\"b68bc48\" data-element_type=\"widget\" data-e-type=\"widget\" data-widget_type=\"text-editor.default\">\n\t\t\t\t<div class=\"elementor-widget-container\">\n\t\t\t\t\t\t\t\t\t<h3>KAS YRA SLAPUKAI?<\/h3>\nSlapukai yra ma\u017ei tekstiniai failai, saugomi J\u016bs\u0173 \u012frenginio (pvz., kompiuterio, mobiliojo telefono, plan\u0161et\u0117s) nar\u0161ykl\u0117je, kai J\u016bs nar\u0161ote interneto svetain\u0117se. Kitos technologijos, \u012fskaitant duomenis, kuriuos i\u0161saugome J\u016bs\u0173 interneto nar\u0161ykl\u0117je ar \u012frenginyje, su J\u016bs\u0173 \u012frenginiu susijusius identifikatorius bei kit\u0105 programin\u0119 \u012frang\u0105, naudojamos pana\u0161iais tikslais. Slapukai pla\u010diai naudojami, kad svetain\u0117s veikt\u0173 arba veikt\u0173 geriau ir veiksmingiau. \u0160ioje politikoje visos min\u0117tos technologijos vadinamos \u201eslapukais\u201c.\n<h3>KOD\u0116L J\u016aS NAUDOJATE SLAPUKUS?<\/h3>\n<ul>\n \t<li>u\u017etikrinti, kad svetain\u0117 veikia taip, kaip ji turi veikti;<\/li>\n \t<li>u\u017etikrinti, kad netur\u0117site i\u0161 naujo prisijungti kaskart apsilank\u0119 svetain\u0117je;<\/li>\n \t<li>pagerinti svetain\u0117s greit\u012f\/saugum\u0105;<\/li>\n \t<li>i\u0161saugoti j\u016bs\u0173 nustatymus per apsilankym\u0105 ir tarp j\u0173;<\/li>\n \t<li>nuolat tobulinti svetain\u0119, kad ji b\u016bt\u0173 Jums dar patrauklesn\u0117;<\/li>\n \t<li>steb\u0117ti svetain\u0117s lanomum\u0105.<\/li>\n<\/ul>\n<h3>KOKI\u0172 TIP\u0172 SLAPUKUS NAUDOJATE?<\/h3>\n<ul>\n \t<li>Grie\u017etai privalomi slapukai. \u0160ie slapukai svetain\u0117je yra b\u016btini, kad vartotojas gal\u0117t\u0173 nar\u0161yti ir naudotis svetain\u0117s funkcijomis, pvz., \u012fsiminti formose \u012fvest\u0105 informacij\u0105, kai vartotojas pereina nuo vieno puslapio prie kito nar\u0161ymo seanso metu. Be grie\u017etai privalom\u0173 slapuk\u0173 tapt\u0173 ne\u012fmanoma teikti tam tikras svetain\u0117s paslaugas, o svetain\u0117 veikt\u0173 ne taip skland\u017eiai, kaip tur\u0117t\u0173. \u0160ie slapukai nerenka jokios informacijos rinkodaros tikslais ir ne\u012fsimena, kur j\u016bs lank\u0117t\u0117s internete.<\/li>\n \t<li>Analitiniai slapukai. Analitiniai slapukai renka informacij\u0105 apie svetain\u0117s naudojim\u0105 ir padeda tobulinti svetain\u0117s veikim\u0105. Pavyzd\u017eiui, analitiniai slapukai gali parodyti, kuriuose puslapiuose lankomasi da\u017eniausiai, pad\u0117ti registruoti svetain\u0117je vykstan\u010dius nesklandumus ir parodyti, ar svetain\u0117je rodoma reklama yra veiksminga. Analitiniai slapukai nerenka asmenin\u0117s vartotoj\u0173 informacijos ir visa \u0161i\u0173 slapuk\u0173 surinkta informacija yra apibendrinta ir anonimi\u0161ka.<\/li>\n<\/ul>\n<h3>KAIP GALIU VALDYTI SLAPUKUS?<\/h3>\nGrie\u017etai privalomi slapukai ir analitiniai slapukai yra naudojimosi m\u016bs\u0173 svetaine s\u0105lyga. Jei atsisakysite \u0161i\u0173 slapuk\u0173 r\u016b\u0161i\u0173, negalime numatyti, kaip m\u016bs\u0173 svetain\u0117 veiks, kai joje apsilankysite. Nor\u0117dami i\u0161jungti analitinius slapukus galite \u012fsidiegti Google \u012frank\u012f skirt\u0105 Google Analytics slapuk\u0173 blokavimui. \u012esp\u0117jame, kad tai gali paveikti J\u016bs\u0173 nar\u0161ym\u0105 ir kituose interneto puslapiuose. Atkreipkite d\u0117mes\u012f, kad trindami slapukus arba i\u0161jungdami slapuk\u0173 naudojim\u0105 ateityje, galite nepasiekti tam tikr\u0173 m\u016bs\u0173 svetain\u0117s dali\u0173 ar funkcij\u0173. Jei pakeisite slapuk\u0173 nustatymus, tai gali paveikti ir kitas J\u016bs\u0173 lankomas svetaines.\n<h3>KAIP GALIU SU\u017dINOTI KOKIE SLAPUKAI NAUDOJAMI?<\/h3>\n\u017demiau pateikiamas pavyzdinis galim\u0173 slapuk\u0173 s\u0105ra\u0161as, ta\u010diau konkre\u010diais atvejais gali b\u016bti naudojami ne visi slapukai.\n<div>\n<table>\n<tbody>\n<tr>\n<th>SLAPUKO TIKSLAS<\/th>\n<th>SLAPUKO PAVADINIMAS<\/th>\n<th>DUOMEN\u0172 TVARKYMO TIKSLAS<\/th>\n<th>SLAPUKO GALIOJIMO LAIKAS<\/th>\n<\/tr>\n<tr>\n<td rowspan=\"4\">Skirtas \u201eGoogle Analytics\u201c sistemos analitikai<\/td>\n<td>_gid<\/td>\n<td>\u0160is slapukas naudojamas siekiant atskirti vartotojus.<\/td>\n<td>1 diena<\/td>\n<\/tr>\n<tr>\n<td>_ga<\/td>\n<td>Registruoja unikal\u0173 vartotojo Id pagal kur\u012f indentifikuojama vartotojo elgsena svetain\u0117je.<\/td>\n<td>2 metai<\/td>\n<\/tr>\n<tr>\n<td>_gat<\/td>\n<td>\u0160is slapukas naudojamas padidinti siun\u010diam\u0173 vartotoj\u0173 u\u017eklaus\u0173 greit\u012f.<\/td>\n<td>Nar\u0161ymo metu<\/td>\n<\/tr>\n<tr>\n<td>collect<\/td>\n<td>\u0160is slapukas naudojamas si\u0173sti duomenis apie lankytojo \u012frengin\u012f ir elgsen\u0105.<\/td>\n<td>Nar\u0161ymo metu<\/td>\n<\/tr>\n<tr>\n<td rowspan=\"2\">Grie\u017etai privalomi slapukai<\/td>\n<td>_krown_lt_session<\/td>\n<td>\u0160is slapukas u\u017etikrina skland\u017ei\u0105 naudotoj\u0173 patirt\u012f.<\/td>\n<td>Neribojamas<\/td>\n<\/tr>\n<tr>\n<td>cookieconsent_status<\/td>\n<td>\u0160is slapukas u\u017etikrina skland\u017ei\u0105 naudotoj\u0173 patirt\u012f.<\/td>\n<td>1 metai<\/td>\n<\/tr>\n<tr>\n<td rowspan=\"4\">Skirtas \u201eFacebook messenger\u201c sistemos darbui<\/td>\n<td>datr<\/td>\n<td>Naudojamas atpa\u017einti nar\u0161ykl\u0119 d\u0117l saugumo ir svetain\u0117s vientisum\u0105 bei d\u0117l paskyros atk\u016brimo ir indentifikuoti potencialias pa\u017eeistas paskyras<\/td>\n<td>2 metai<\/td>\n<\/tr>\n<tr>\n<td>Fr, sb<\/td>\n<td>\u0160is slapukas naudojamas pateikti, \u012fvertinti ir pagerinti tinkam\u0173 skelbim\u0173 atvaizdavim\u0105<\/td>\n<td>3 m\u0117nesiai<\/td>\n<\/tr>\n<tr>\n<td>c_user<\/td>\n<td>Naudojamas kartu su \u201cxs\u201d slapuku, kad autentifikuot\u0173 j\u016bs\u0173 tapatyb\u0119 Facebook<\/td>\n<td>1 m\u0117nuo<\/td>\n<\/tr>\n<tr>\n<td>xs<\/td>\n<td>Naudojamas kartu su \u201cc_user\u201d slapuku, kad autentifikuot\u0173 j\u016bs\u0173 tapatyb\u0119 Faceboo<\/td>\n<td>3 m\u0117nesiai<\/td>\n<\/tr>\n<tr>\n<td rowspan=\"2\">Skirtas \u201eGoogle DoubleClick\u201c sistemos analitikai<\/td>\n<td>test_cookie<\/td>\n<td>\u0160is slapukas naudojamas siekiant patikrinti, ar vartotojo nar\u0161ykl\u0117 palaiko slapukus.<\/td>\n<td>1 diena<\/td>\n<\/tr>\n<tr>\n<td>IDE<\/td>\n<td>\u0160is slapukas naudojamas siekiant u\u017eregistruoti svetain\u0117s vartotoj\u0173 veiksmus po reklamos per\u017ei\u016bros ar paspaudus ant jos ir prane\u0161ti apie \u0161iuos veiksmus siekiant \u012fvertinti reklamos efektyvum\u0105 ir pateikti vartotojui tikslin\u0119 reklam\u0105.<\/td>\n<td>1 metai<\/td>\n<\/tr>\n<tr>\n<td rowspan=\"4\">Skirtas \u201eYoutube\u201c sistemos analitikai<\/td>\n<td>GPS<\/td>\n<td>Registruoja unikal\u0173 mobili\u0173j\u0173 \u012frengini\u0173 identifikatori\u0173, kad \u012fjungt\u0173 steb\u0117jim\u0105 pagal geografin\u0119 GPS viet\u0105.<\/td>\n<td>1 diena<\/td>\n<\/tr>\n<tr>\n<td>PREF<\/td>\n<td>Registruoja unikal\u0173 identifikatori\u0173, kur\u012f naudoja &#8222;Google&#8221;, kad b\u016bt\u0173 i\u0161laikyta statistika, kaip lankytojas naudoja &#8222;YouTube&#8221; vaizdo \u012fra\u0161us<\/td>\n<td>8 m\u0117nesiai<\/td>\n<\/tr>\n<tr>\n<td>VISITOR_INFO1_LIVE<\/td>\n<td>Bando \u012fvertinti naudotoj\u0173 pralaidum\u0105 puslapiuose su integruotomis &#8222;YouTube&#8221; vaizdo \u012fra\u0161ais.<\/td>\n<td>179 dienas<\/td>\n<\/tr>\n<tr>\n<td>YSC<\/td>\n<td>Registruojamas unikalus ID, kad b\u016bt\u0173 galima tvarkyti statistinius duomenis apie tai, kokius &#8222;YouTube&#8221; vaizdo \u012fra\u0161us naudotojas mat\u0117.<\/td>\n<td>Nar\u0161ymo metu<\/td>\n<\/tr>\n<\/tbody>\n<\/table>\n<\/div>\t\t\t\t\t\t\t\t<\/div>\n\t\t\t\t<\/div>\n\t\t\t\t\t<\/div>\n\t\t<\/div>\n\t\t\t\t\t<\/div>\n\t\t<\/section>\n\t\t\t\t<\/div>\n\t\t","protected":false},"excerpt":{"rendered":"<p>SLAPUKAI KAS YRA SLAPUKAI? Slapukai yra ma\u017ei tekstiniai failai, saugomi J\u016bs\u0173 \u012frenginio (pvz., kompiuterio, mobiliojo telefono, plan\u0161et\u0117s) nar\u0161ykl\u0117je, kai J\u016bs nar\u0161ote interneto svetain\u0117se. Kitos technologijos, \u012fskaitant duomenis, kuriuos i\u0161saugome J\u016bs\u0173 interneto nar\u0161ykl\u0117je ar \u012frenginyje, su J\u016bs\u0173 \u012frenginiu susijusius identifikatorius bei kit\u0105 programin\u0119 \u012frang\u0105, naudojamos pana\u0161iais tikslais. Slapukai pla\u010diai naudojami, kad svetain\u0117s veikt\u0173 arba veikt\u0173 geriau [&hellip;]<\/p>\n","protected":false},"author":1,"featured_media":0,"parent":0,"menu_order":0,"comment_status":"closed","ping_status":"closed","template":"","meta":{"footnotes":""},"class_list":["post-307","page","type-page","status-publish","hentry"],"_links":{"self":[{"href":"https:\/\/daumantas007mainsite.r2ait.in\/index.php\/wp-json\/wp\/v2\/pages\/307","targetHints":{"allow":["GET"]}}],"collection":[{"href":"https:\/\/daumantas007mainsite.r2ait.in\/index.php\/wp-json\/wp\/v2\/pages"}],"about":[{"href":"https:\/\/daumantas007mainsite.r2ait.in\/index.php\/wp-json\/wp\/v2\/types\/page"}],"author":[{"embeddable":true,"href":"https:\/\/daumantas007mainsite.r2ait.in\/index.php\/wp-json\/wp\/v2\/users\/1"}],"replies":[{"embeddable":true,"href":"https:\/\/daumantas007mainsite.r2ait.in\/index.php\/wp-json\/wp\/v2\/comments?post=307"}],"version-history":[{"count":4,"href":"https:\/\/daumantas007mainsite.r2ait.in\/index.php\/wp-json\/wp\/v2\/pages\/307\/revisions"}],"predecessor-version":[{"id":797,"href":"https:\/\/daumantas007mainsite.r2ait.in\/index.php\/wp-json\/wp\/v2\/pages\/307\/revisions\/797"}],"wp:attachment":[{"href":"https:\/\/daumantas007mainsite.r2ait.in\/index.php\/wp-json\/wp\/v2\/media?parent=307"}],"curies":[{"name":"wp","href":"https:\/\/api.w.org\/{rel}","templated":true}]}}