{"id":305,"date":"2023-05-12T17:51:04","date_gmt":"2023-05-12T17:51:04","guid":{"rendered":"https:\/\/innovationprojects.lt\/?page_id=305"},"modified":"2023-05-18T09:10:33","modified_gmt":"2023-05-18T09:10:33","slug":"privatumo-politika","status":"publish","type":"page","link":"https:\/\/daumantas007mainsite.r2ait.in\/index.php\/privatumo-politika\/","title":{"rendered":"Privatumo politika"},"content":{"rendered":"\t\t<div data-elementor-type=\"wp-page\" data-elementor-id=\"305\" class=\"elementor elementor-305\">\n\t\t\t\t\t\t<section class=\"elementor-section elementor-top-section elementor-element elementor-element-3acf12f elementor-section-boxed elementor-section-height-default elementor-section-height-default\" data-id=\"3acf12f\" data-element_type=\"section\" data-e-type=\"section\">\n\t\t\t\t\t\t<div class=\"elementor-container elementor-column-gap-default\">\n\t\t\t\t\t<div class=\"elementor-column elementor-col-100 elementor-top-column elementor-element elementor-element-d74ee6d\" data-id=\"d74ee6d\" data-element_type=\"column\" data-e-type=\"column\">\n\t\t\t<div class=\"elementor-widget-wrap elementor-element-populated\">\n\t\t\t\t\t\t<div class=\"elementor-element elementor-element-75ffd73 elementor-widget elementor-widget-text-editor\" data-id=\"75ffd73\" data-element_type=\"widget\" data-e-type=\"widget\" data-widget_type=\"text-editor.default\">\n\t\t\t\t<div class=\"elementor-widget-container\">\n\t\t\t\t\t\t\t\t\t<p>Privatumo\u00a0<\/p><p>politika<\/p>\t\t\t\t\t\t\t\t<\/div>\n\t\t\t\t<\/div>\n\t\t\t\t\t<\/div>\n\t\t<\/div>\n\t\t\t\t\t<\/div>\n\t\t<\/section>\n\t\t\t\t<section class=\"elementor-section elementor-top-section elementor-element elementor-element-906c866 elementor-section-boxed elementor-section-height-default elementor-section-height-default\" data-id=\"906c866\" data-element_type=\"section\" data-e-type=\"section\">\n\t\t\t\t\t\t<div class=\"elementor-container elementor-column-gap-default\">\n\t\t\t\t\t<div class=\"elementor-column elementor-col-100 elementor-top-column elementor-element elementor-element-d3af6e6\" data-id=\"d3af6e6\" data-element_type=\"column\" data-e-type=\"column\">\n\t\t\t<div class=\"elementor-widget-wrap elementor-element-populated\">\n\t\t\t\t\t\t<div class=\"elementor-element elementor-element-db088e6 elementor-widget elementor-widget-text-editor\" data-id=\"db088e6\" data-element_type=\"widget\" data-e-type=\"widget\" data-widget_type=\"text-editor.default\">\n\t\t\t\t<div class=\"elementor-widget-container\">\n\t\t\t\t\t\t\t\t\t<p>Mes, juridinio asmens pavadinimas Innovation projects UAB, juridinio asmens kodas 306089927, adresas Santari\u0161ki\u0173 g. 75-34, Vilnius, PVM mok\u0117tojo kodas LT100015357411 (toliau &#8211; Bendrov\u0117 arba Mes), r\u016bpinam\u0117s savo kliento, internetinio puslapio https:\/\/innoviationprojects.lt\/ naudotojo (toliau &#8211; J\u016bs arba Naudotojas) duomen\u0173 saugumu ir privatumu \u0160i Privatumo politika yra skirta pateikti informacij\u0105 apie tai, kaip Bendrov\u0117 tvarko ir saugo J\u016bs\u0173 duomenis, Jums naudojantis internetine svetaine. J\u016bs\u0173 asmens duomen\u0173 rinkim\u0105, tvarkym\u0105 ir saugojim\u0105, kiek tai susij\u0119 su J\u016bs\u0173 naudojimusi internetine svetaine, nustato \u0161i privatumo politika, Lietuvos Respublikos Asmens duomen\u0173 teisin\u0117s apsaugos \u012fstatymas ir kiti teis\u0117s aktai.<\/p><p>1. Asmens duomenys &#8211; rei\u0161kia bet koki\u0105 informacij\u0105, pagal kuri\u0105 galima tiesiogiai arba netiesiogiai nustatyti J\u016bs\u0173 tapatyb\u0119. Tvarkomi \u0161ie J\u016bs\u0173 asmens duomenys:<\/p><ul><li>Pirk\u0117jo vardas ir pavard\u0117;<\/li><li>Prekes atsiimsian\u010dio asmens vardas ir pavard\u0117;<\/li><li>Vartotojo kontaktiniai duomenys &#8211; elektroninio pa\u0161to adresas ir telefono numeris, adresas;<\/li><li>IP adres\u0105;<\/li><li>Tinklo ir vietos duomenis, kai juos suteikiate;<\/li><li>J\u016bs\u0173 u\u017eklaus\u0173 ir nusiskundim\u0173 istorij\u0105;<\/li><li>Kitus vie\u0161ai prieinamus duomenis, kuriais J\u016bs pasidalinote lankydamasis internetin\u0117je svetain\u0117je.<\/li><\/ul><p>Asmens duomen\u0173 tvarkymas &#8211; rei\u0161kia bet koki\u0105 su asmens duomenimis atliekam\u0105 operacij\u0105 (toki\u0105 kaip &#8211; informacijos rinkimas, redagavimas, keitimas, \u012fra\u0161ymas, saugojimas, prieigos suteikimas)<br \/>Duomen\u0173 subjektas &#8211; bet kuris fizinis asmuo, kurio duomenis tvarko Bendrov\u0117<\/p><p>Svetain\u0117 &#8211; https:\/\/daumantas007mainsite.r2ait.in\/<\/p><p>2. J\u016bs\u0173 asmens duomen\u0173 tvarkymas naudojantis lankantis svetain\u0117je<\/p><p>Pateikdamas duomenis Bendrovei, Duomen\u0173 subjektas sutinka, kad Asmens duomenys b\u016bt\u0173 naudojami Bendrovei siekiant u\u017etikrinti internetin\u0117s svetain\u0117s funkcionavim\u0105 Duomen\u0173 subjekto pageidaujamais tikslais;<\/p><p>J\u016bs\u0173 asmens duomenis Bendrov\u0117 tvarko \u0161iais pagrindais:<\/p><ul><li>Bendrov\u0117 gauna ai\u0161kiai i\u0161reik\u0161t\u0105 J\u016bs\u0173 sutikim\u0105 tvarkyti J\u016bs\u0173 duomenis tokiu b\u016bdu, t.y. kai J\u016bs padarote u\u017esakym\u0105 prek\u0117ms ar paslaugoms<\/li><li>J\u016bs atliekate u\u017esakym\u0105, kuris yra priimamas ir vykdomas, tokiu b\u016bdu sudarant sutart\u012f su pirk\u0117ju ir pardav\u0117ju j\u0105 vykdant;<\/li><li>Taip pat tais atvejais kai Bendrov\u0117 turi tvarkyti J\u016bs\u0173 duomenis tur\u0117dama teisin\u0119 pareig\u0105;<\/li><li>Yra \u012fgyvendinami Bendrov\u0117s teis\u0117ti interesai. Mes tvarkysime J\u016bs\u0173 Asmens duomenis, jeigu tam turime teis\u0117t\u0105 interes\u0105 ir toks duomen\u0173 tvarkymas nepa\u017eeid\u017eia J\u016bs\u0173 interes\u0173 ir teisi\u0173 apsaugos.<\/li><\/ul><p>2. Bendrov\u0117 J\u016bs\u0173 duomenis tvarko \u0161iais tikslais:<\/p><ul><li>Efektyviam, optimaliam ir Jums patogiam u\u017esakym\u0173 funkcionavimui;<\/li><li>Siekiant u\u017etikrinti skland\u0173 u\u017esakym\u0173 administravim\u0105;<\/li><li>J\u016bs\u0173 u\u017esakym\u0173 registravimui ir palaikymui;<\/li><li>Tinkamam J\u016bs\u0173 u\u017esakyt\u0173 paslaug\u0173 suteikimui;<\/li><li>Siekiant Jums pateikti aktuali\u0105 informacij\u0105, atsakyti \u012f J\u016bs\u0173 klausimus, u\u017eklausas;<\/li><li>Vykdant statistin\u0119 ir kit\u0105 analiz\u0119, skirt\u0105 tobulinti komercin\u0119 veikl\u0105 ir J\u016bs\u0173 patirt\u012f ja naudojantis;<\/li><li>Kai lankot\u0117s svetain\u0117je, bendrov\u0117 gali tvarkyti J\u016bs\u0173 IP adres\u0105, tinklo ir vietos duomenis, \u0160ie Asmens duomenys yra renkami slapuk\u0173 ir kit\u0173 pana\u0161i\u0173 technologij\u0173 pagalba Naudotojo sutikimo pagrindu;<\/li><li>Kitiems tikslams, kurie gali b\u016bti Jums nurodomi J\u016bs\u0173 duomen\u0173 pateikimo metu.<\/li><\/ul><p>3. Asmens duomen\u0173 teikimas tre\u010diosioms \u0161alims<\/p><p>Mes \u012fsipareigojame j\u016bs\u0173 Asmens duomen\u0173 at\u017evilgiu laikytis konfidencialumo pareigos. J\u016bs\u0173 Asmens duomenys gali b\u016bti atskleisti tre\u010diosioms \u0161alims tik tada, jeigu to reikia sutar\u010diai duomen\u0173 subjekto naudai sudaryti ir vykdyti, arba d\u0117l kit\u0173 teis\u0117t\u0173 prie\u017eas\u010di\u0173.<\/p><p>Bendrov\u0117 gali pateikti Asmens duomenis savo duomen\u0173 tvarkytojams, kurie teikia Bendrovei paslaugas ir tvarko asmens duomenis Bendrov\u0117s vardu. Tokie Bendrov\u0117s pasirinkti Asmens duomen\u0173 tvarkytojai turi teis\u0119 tvarkyti Asmens duomenis tik pagal Bendrov\u0117s nurodymus ir tik tokia apimtimi, kiek tai yra b\u016btina siekiant tinkamai vykdyti Bendrov\u0117s ir paslaug\u0173 tiek\u0117jo sutartyje nustatytus \u012fsipareigojimus. U\u017etikriname Jus, kad Bendrov\u0117 bendradarbiauja tik su tokiais duomen\u0173 tvarkytojais, kurie garantuoja tinkamas priemones (organizacines ir technines) Asmens duomen\u0173 tvarkymui ir u\u017etikrina Asmens duomen\u0173 tvarkym\u0105 pagal teis\u0117s akt\u0173 reikalavimus.<\/p><p>\u012emon\u0117 taip pat gali teikti asmens duomenis atsakydama \u012f teismo arba valstybini\u0173 institucij\u0173 pra\u0161ymus ta apimtimi, kiek tai b\u016btina siekiant tinkamai vykdyti galiojan\u010dius teis\u0117s aktus ir valstybini\u0173 institucij\u0173 nurodymus.<\/p><p>4. Asmens duomen\u0173 saugojimo terminas<\/p><p>J\u016bs\u0173 asmens duomenis saugome tik tok\u012f laikotarp\u012f, kuris yra b\u016btinas privatumo politikoje numatyt\u0173 tiksl\u0173 \u012fgyvendinimui.<\/p><p>6. Duomen\u0173 subjekt\u0173 teis\u0117s<\/p><p>B\u016bdamas Duomen\u0173 subjektu, turite \u0161ias Duomen\u0173 subjekto teises:<\/p><ul><li>Teis\u0117 gauti informacij\u0105 apie duomen\u0173 tvarkym\u0105 (\u201cteis\u0117 \u017einoti\u201d);<\/li><li>Teis\u0117 susipa\u017einti su tvarkomais duomenimis (\u201cteis\u0117 susipa\u017einti\u201d);<\/li><li>Teis\u0117 reikalauti i\u0161taisyti duomenis (\u201cteis\u0117 i\u0161taisyti\u201d);<\/li><li>Teis\u0117 reikalauti i\u0161trinti duomenis (\u201cteis\u0117 b\u016bti pamir\u0161tam\u201c). \u0160i teis\u0117 netaikoma, jei asmens duomenys, kuriuos pra\u0161oma i\u0161trinti, yra tvarkomi ir kitu teisiniu pagrindu, tokiu kaip tvarkymas b\u016btinas sutarties vykdymui arba yra pareigos pagal taikomus teis\u0117s aktus vykdymas;<\/li><li>Teis\u0117 apriboti duomen\u0173 tvarkym\u0105 (\u201cteis\u0117 apribotii\u201d);<\/li><li>Teis\u0117 nesutikti su duomen\u0173 tvarkymu;<\/li><li>Teis\u0117 \u012f duomen\u0173 perkeliamum\u0105. Teis\u0117 \u012f duomen\u0173 perkeliamum\u0105 negali daryti neigiamo poveikio kit\u0173 teis\u0117ms ir laisv\u0117ms. Duomen\u0173 subjektas teis\u0117s \u012f duomen\u0173 perkeliamum\u0105 neturi t\u0173 asmens duomen\u0173 at\u017evilgiu, kurie tvarkomi neautomatiniu b\u016bdu susistemintose rinkmenose, pavyzd\u017eiui, popierin\u0117se bylose;<\/li><li>Teis\u0117 reikalauti, kad neb\u016bt\u0173 taikomas tik automatizuotas duomen\u0173 tvarkymas, \u012fskaitant profiliavim\u0105;<\/li><li>Teis\u0117 pateikti skund\u0105 d\u0117l asmens duomen\u0173 tvarkymo Valstybinei duomen\u0173 apsaugos inspekcijai.<\/li><\/ul><p>Siekdami \u012fgyvendinti savo teises, galite pateikti mums paklausim\u0105 ar pra\u0161ym\u0105 ra\u0161tu: info@sitecare.lt Gav\u0119 tokio pob\u016bd\u017eio pra\u0161ym\u0105 ar paklausim\u0105 i\u0161 J\u016bs\u0173, galime papra\u0161yti J\u016bs\u0173 u\u017epildyti reikiamas formas, taip pat &#8211; pateikti notari\u0161kai patvirtint\u0105 J\u016bs\u0173 asmens dokumento kopij\u0105, kuri Mums reikalinga \u012fsitikinti J\u016bs\u0173 tapatybe, siekiant i\u0161vengti Asmens duomen\u0173 atskleidimo.<\/p><p>Po J\u016bs\u0173 J\u016bs\u0173 pra\u0161ym\u0105 ar paklausimo d\u0117l Asmens duomen\u0173 tvarkymo gavimo, Mes \u012fsipareigojame ne v\u0117liau kaip per 1 m\u0117nes\u012f nuo kreipimosi dienos pateikti Jums atsakym\u0105 ir atlikti pra\u0161yme nurodytus veiksmus arba informuoti Jus, kod\u0117l atsisakome juos atlikti. Prireikus nurodytas laikotarpis gali b\u016bti prat\u0119stas dar 2 m\u0117nesiais, atsi\u017evelgiant \u012f pra\u0161ym\u0173 sud\u0117tingum\u0105 ir skai\u010di\u0173. Tokiu atveju, per 1 m\u0117nes\u012f nuo pra\u0161ymo gavimo dienos mes informuosime Jus apie tok\u012f prat\u0119sim\u0105.<\/p><p>Jei Jums papra\u0161ius Asmens duomenys yra i\u0161trinami, mes saugosime tik informacijos kopijas, kurios yra b\u016btinos siekiant apsaugoti m\u016bs\u0173 ir kit\u0173 asmen\u0173 teis\u0117tus interesus, laikytis valstyb\u0117s institucij\u0173 \u012fpareigojim\u0173, spr\u0119sti gin\u010dus, atpa\u017einti trikd\u017eius arba laikytis bet koki\u0173 susitarim\u0173, kuriuos esate sudar\u0119 su mumis.<\/p><p>Jei manote, kad J\u016bs\u0173, kaip Duomen\u0173 subjekto teis\u0117s buvo pa\u017eeistos, taip pat galite pateikti skund\u0105 Mus pri\u017ei\u016brin\u010diai Asmens duomen\u0173 apsaugos institucijai \u2013 Valstybinei duomen\u0173 apsaugos inspekcijai, daugiau informacijos ir kontaktinius duomenis galite rasti inspekcijos svetain\u0117je www.ada.lt.<\/p><p>7. Baigiamosios nuostatos<\/p><p>Informuojame, kad m\u016bs\u0173 Svetain\u0117je gali b\u016bti pateikiamos nuorodos \u012f kitus tinklalapius, \u012fskaitant tre\u010di\u0173j\u0173 \u0161ali\u0173 valdomus tinklalapius, kuriems n\u0117ra taikoma \u0161i privatumo politika. Pra\u0161ome susipa\u017einti ir \u012fvertinti \u0161i\u0173 tinklalapi\u0173 privatumo politik\u0105 prie\u0161 pateikiant bet kokius savo Asmens duomenis.<\/p><p>Esant poreikiui, atsi\u017evelgdami \u012f Asmens duomen\u0173 apsaugos priemones, kurias taikome, galime atnaujinti ir pakeisti \u0161i\u0105 privatumo politik\u0105. Apie Jums taikomus Privatumo politikos poky\u010dius J\u016bs b\u016bsite informuoti tarp J\u016bs\u0173 ir m\u016bs\u0173 \u012fprastomis komunikacijos priemon\u0117mis.<\/p>\t\t\t\t\t\t\t\t<\/div>\n\t\t\t\t<\/div>\n\t\t\t\t\t<\/div>\n\t\t<\/div>\n\t\t\t\t\t<\/div>\n\t\t<\/section>\n\t\t\t\t<\/div>\n\t\t","protected":false},"excerpt":{"rendered":"<p>Privatumo\u00a0 politika Mes, juridinio asmens pavadinimas Innovation projects UAB, juridinio asmens kodas 306089927, adresas Santari\u0161ki\u0173 g. 75-34, Vilnius, PVM mok\u0117tojo kodas LT100015357411 (toliau &#8211; Bendrov\u0117 arba Mes), r\u016bpinam\u0117s savo kliento, internetinio puslapio https:\/\/innoviationprojects.lt\/ naudotojo (toliau &#8211; J\u016bs arba Naudotojas) duomen\u0173 saugumu ir privatumu \u0160i Privatumo politika yra skirta pateikti informacij\u0105 apie tai, kaip Bendrov\u0117 tvarko [&hellip;]<\/p>\n","protected":false},"author":1,"featured_media":0,"parent":0,"menu_order":0,"comment_status":"closed","ping_status":"closed","template":"","meta":{"footnotes":""},"class_list":["post-305","page","type-page","status-publish","hentry"],"_links":{"self":[{"href":"https:\/\/daumantas007mainsite.r2ait.in\/index.php\/wp-json\/wp\/v2\/pages\/305","targetHints":{"allow":["GET"]}}],"collection":[{"href":"https:\/\/daumantas007mainsite.r2ait.in\/index.php\/wp-json\/wp\/v2\/pages"}],"about":[{"href":"https:\/\/daumantas007mainsite.r2ait.in\/index.php\/wp-json\/wp\/v2\/types\/page"}],"author":[{"embeddable":true,"href":"https:\/\/daumantas007mainsite.r2ait.in\/index.php\/wp-json\/wp\/v2\/users\/1"}],"replies":[{"embeddable":true,"href":"https:\/\/daumantas007mainsite.r2ait.in\/index.php\/wp-json\/wp\/v2\/comments?post=305"}],"version-history":[{"count":11,"href":"https:\/\/daumantas007mainsite.r2ait.in\/index.php\/wp-json\/wp\/v2\/pages\/305\/revisions"}],"predecessor-version":[{"id":808,"href":"https:\/\/daumantas007mainsite.r2ait.in\/index.php\/wp-json\/wp\/v2\/pages\/305\/revisions\/808"}],"wp:attachment":[{"href":"https:\/\/daumantas007mainsite.r2ait.in\/index.php\/wp-json\/wp\/v2\/media?parent=305"}],"curies":[{"name":"wp","href":"https:\/\/api.w.org\/{rel}","templated":true}]}}