{"id":298,"date":"2023-05-12T17:41:12","date_gmt":"2023-05-12T17:41:12","guid":{"rendered":"https:\/\/innovationprojects.lt\/index.php\/darbo-skelbimai-2\/"},"modified":"2025-09-19T10:59:23","modified_gmt":"2025-09-19T10:59:23","slug":"darbo-skelbimai","status":"publish","type":"page","link":"https:\/\/daumantas007mainsite.r2ait.in\/index.php\/darbo-skelbimai\/","title":{"rendered":"Darbo skelbimai"},"content":{"rendered":"<div class=\"sjb-page\">\r\n<!-- Start: Jobs Listing Wrapper -->\r\n\r\n\r\n<!-- Start Job Filters\r\n================================================== -->\r\n<div class=\"sjb-filters sjb-filters-v2\">\r\n        <form class=\"filters-form\" action=\"https:\/\/daumantas007mainsite.r2ait.in\/index.php\/darbo-skelbimai\/\" method=\"get\">\r\n        <div class=\"row\">\r\n            \r\n    <!-- Keywords Search-->    \r\n    <div class=\"sjb-search-keywords col-md-12 col-xs-12\">\r\n        <div class=\"form-group\">\r\n                        <label class=\"sr-only\" for=\"keywords\">Keywords<\/label>\r\n            <input type=\"text\" class=\"form-control\" value=\"\" placeholder=\"Keywords\" id=\"keywords\" name=\"search_keywords\">\r\n        <\/div>\r\n    <\/div>\r\n    \r\n    <!-- Category Filter-->        \r\n    <div class=\"sjb-search-categories col-md-3 col-xs-12\">\r\n        <div class=\"form-group\">\r\n            <select name='selected_category' id='category' class='form-control'>\n\t<option value='-1'>Category<\/option>\n\t<option class=\"level-0\" value=\"fizinis-darbas\">Fizinis darbas<\/option>\n<\/select>\n        <\/div>\r\n    <\/div>\r\n     \r\n\r\n    <!-- Job Type Filter -->\r\n    <div class=\"sjb-search-job-type col-md-3 col-xs-12\">\r\n        <div class=\"form-group\">\r\n            <select name='selected_jobtype' id='jobtype' class='form-control'>\n\t<option value='-1'>Job Type<\/option>\n\t<option class=\"level-0\" value=\"elektrikai\">Elektrikai<\/option>\n\t<option class=\"level-0\" value=\"saltkalviai\">\u0160altkalviai<\/option>\n\t<option class=\"level-0\" value=\"suvirintojai\">Suvirintojai<\/option>\n\t<option class=\"level-0\" value=\"vairuotojai\">Vairuotojai<\/option>\n<\/select>\n        <\/div>\r\n    <\/div>\r\n    \r\n    <!-- Job Location Filter-->\r\n    <div class=\"sjb-search-location col-md-3 col-xs-12\">\r\n        <div class=\"form-group\">\r\n            <select name='selected_location' id='location' class='form-control'>\n\t<option value='-1'>Location<\/option>\n\t<option class=\"level-0\" value=\"anglija\">Anglija<\/option>\n\t<option class=\"level-0\" value=\"olandija\">Olandija<\/option>\n\t<option class=\"level-0\" value=\"vokietija\">Vokietija<\/option>\n<\/select>\n        <\/div>\r\n    <\/div>\r\n    <div class=\"sjb-search-button col-md-3 col-xs-12\"><input class=\"btn-search btn btn-primary\" value=\"&#xf002;\" type=\"submit\"><\/div>        <\/div>\r\n    <\/form>\r\n<\/div>\r\n<!-- ==================================================\r\nEnd Job Filters -->\r\n\r\n\r\n<div class=\"sjb-listing\">\r\n        <!-- start Jobs Listing: List View -->\r\n    <div class=\"list-view\">\r\n        \r\n    \r\n<!-- Start Jobs List View \r\n================================================== -->\r\n<div class=\"list-data\">\r\n    <div class=\"v2 sjb-job-393\">\r\n\r\n        <!-- Jobs List view header -->\r\n        <header>\r\n            <div class=\"row\">\r\n                \r\n                <div class=\"col-md-12 col-sm-12\">\r\n                    <div class=\"sjb-company-wrapper-details-list\">\r\n                        <div class=\"row\">\r\n                            \r\n<!-- Start Company Logo\r\n================================================== -->\r\n<div class=\"col-md-8 col-sm-8\">\r\n            <div class=\"company-logo\">\r\n            <a href=\"https:\/\/daumantas007mainsite.r2ait.in\/index.php\/jobs\/avasd\/\"><img decoding=\"async\" src=\"https:\/\/daumantas007mainsite.r2ait.in\/wp-content\/uploads\/2023\/05\/welder-1-300x192.jpg\" alt=\"Innovation Projects\" class=\"sjb-img-responsive \" id=\"\"\/><\/a>\r\n        <\/div>\r\n    \r\n    <!-- ==================================================\r\nEnd Company Logo -->\r\n\r\n    <div class=\"sjb-with-logo\">\r\n    <div class=\"job-info \">\r\n        <h4>\r\n            <a href=\"https:\/\/daumantas007mainsite.r2ait.in\/index.php\/jobs\/avasd\/\">\r\n                <span class=\"job-title\">Darbas Metalo apdirb\u0117jams Nuo 2400-3000 EUR &#8211; \u012f rankas\u00a0<\/span>            <\/a>\r\n        <\/h4>\r\n        <div class=\"sjb-company-details\">\r\n            <i class=\"fa  fa-building\"><\/i><span class=\"company-name\">Innovation Projects<\/span>        <\/div>\r\n            <\/div>\r\n<\/div>\r\n<\/div>\r\n\r\n<!-- Start apply now button\r\n================================================== -->\r\n<div class=\"col-md-4 col-sm-4 col-xs-12 sjb-apply-now-btn\">\r\n\t<p><a href=\"https:\/\/daumantas007mainsite.r2ait.in\/index.php\/jobs\/avasd\/\" class=\"btn btn-primary \">Registruotis<\/a><\/p><\/div>\r\n<!-- ==================================================\r\nEnd apply now button -->\r\n\r\n                        <\/div>\r\n                    <\/div>\r\n                <\/div>\r\n             \r\n                <div class=\"clearfix\"><\/div>\r\n                <div class=\"col-md-12 col-sm-12\">\r\n                    <div class=\"sjb-job-type-location-date\">\r\n                        <div class=\"row\">\r\n                        \r\n<!-- Start Job Type\r\n================================================== -->\r\n\t<div class=\"col-md-2 col-sm-4 col-xs-12\">\r\n                <div class=\"job-type\"><i class=\"fa fa-briefcase\"><\/i>\u0160altkalviai<\/div>\r\n    <\/div>\r\n \r\n<!-- ==================================================\r\nEnd Job Type -->\r\n\r\n\r\n<!-- Start Job's Location\r\n================================================== -->\r\n\t<div class=\"col-md-3 col-sm-4 col-xs-12\">\r\n                <div class=\"job-location\"><i class=\"fa  fa-map-marker\"><\/i>Vokietija<\/div>\r\n\t<\/div>\r\n<!-- ==================================================\r\nEnd Job's Location -->\r\n\r\n\r\n<!-- Start Job Posted Date\r\n================================================== -->\r\n\t<div class=\"col-md-4 col-sm-4 col-xs-12\">\r\n                <div class=\"job-date\"><i class=\"fa  fa-calendar-check\"><\/i>Posted 7 m\u0117nesiai ago<\/div>\r\n\t<\/div>\r\n<!-- ==================================================\r\nEnd Job Posted Date -->\r\n\r\n                        <\/div>\r\n                    <\/div>\r\n\r\n                <\/div>\r\n            <\/div>\r\n            \r\n        <\/header>\r\n        \r\n\r\n        \r\n    <!-- View more content start\r\n    ================================= -->\r\n    \r\n<!-- View long content start \r\n================================================== -->\r\n<div class=\"sjb_more_content\" id=\"sjb_more_content_393\">\r\n    <!-- wp:paragraph -->\n<p>Si\u016blome ger\u0105, stabil\u0173 ir ilgalaik\u012f darb\u0105 Vokietijoje - Metalo konstrukcij\u0173 \u012emon\u0117je&nbsp;<br>Darbo pob\u016bdis: Metalo apdirb\u0117jas&nbsp;<br>\u012emon\u0117 apr\u016bpins visais reikalingais \u012frankiais bei apmokins darbo specifikos.&nbsp;<br>Reikalavimai:&nbsp;<br>Vairuotojo pa\u017eym\u0117jimas ( privalumas )&nbsp;<br>Noras mokytis ir tobul\u0117ti \u0161ioje srityje&nbsp;<br>&nbsp;Pana\u0161aus darbo patirtis&nbsp;<br>I\u0161vykimas - sekan\u010di\u0105 savait\u0119.<br>Mes Jums si\u016blome:&nbsp;<br>Nemokam\u0105 kelion\u0119 \u012f Vokietij\u0105, arba kuro kompensacijas&nbsp;<br>Nemokam\u0105 apgyvendinim\u0105&nbsp;<br>Darbo drabu\u017eius&nbsp;<br>Lietuvi\u0161k\u0105 darbo sutart\u012f&nbsp;<br>Voki\u0161k\u0105 atlyginim\u0105 Nuo 2400-3000eur. - \u012f rankas&nbsp;<br>Vis\u0105 dominan\u010di\u0105 informacij\u0105 mielai suteiksime telefonu<\/p>\n<!-- \/wp:paragraph -->\n\n<!-- wp:gallery {\"linkTo\":\"none\"} -->\n<figure class=\"wp-block-gallery has-nested-images columns-default is-cropped\"><!-- wp:image {\"id\":581,\"sizeSlug\":\"large\",\"linkDestination\":\"none\"} -->\n<figure class=\"wp-block-image size-large\"><img fetchpriority=\"high\" decoding=\"async\" width=\"1024\" height=\"1024\" src=\"https:\/\/daumantas007mainsite.r2ait.in\/wp-content\/uploads\/2023\/05\/Image1-1024x1024.jpeg\" alt=\"\" class=\"wp-image-581\" srcset=\"https:\/\/daumantas007mainsite.r2ait.in\/wp-content\/uploads\/2023\/05\/Image1-1024x1024.jpeg 1024w, https:\/\/daumantas007mainsite.r2ait.in\/wp-content\/uploads\/2023\/05\/Image1-300x300.jpeg 300w, https:\/\/daumantas007mainsite.r2ait.in\/wp-content\/uploads\/2023\/05\/Image1-150x150.jpeg 150w, https:\/\/daumantas007mainsite.r2ait.in\/wp-content\/uploads\/2023\/05\/Image1-768x768.jpeg 768w, https:\/\/daumantas007mainsite.r2ait.in\/wp-content\/uploads\/2023\/05\/Image1-1536x1536.jpeg 1536w, https:\/\/daumantas007mainsite.r2ait.in\/wp-content\/uploads\/2023\/05\/Image1-12x12.jpeg 12w, https:\/\/daumantas007mainsite.r2ait.in\/wp-content\/uploads\/2023\/05\/Image1.jpeg 1600w\" sizes=\"(max-width: 1024px) 100vw, 1024px\" \/><\/figure>\n<!-- \/wp:image -->\n\n<!-- wp:image {\"id\":585,\"sizeSlug\":\"large\",\"linkDestination\":\"none\"} -->\n<figure class=\"wp-block-image size-large\"><img decoding=\"async\" width=\"1024\" height=\"1024\" src=\"https:\/\/daumantas007mainsite.r2ait.in\/wp-content\/uploads\/2023\/05\/Image3-1024x1024.jpeg\" alt=\"\" class=\"wp-image-585\" srcset=\"https:\/\/daumantas007mainsite.r2ait.in\/wp-content\/uploads\/2023\/05\/Image3-1024x1024.jpeg 1024w, https:\/\/daumantas007mainsite.r2ait.in\/wp-content\/uploads\/2023\/05\/Image3-300x300.jpeg 300w, https:\/\/daumantas007mainsite.r2ait.in\/wp-content\/uploads\/2023\/05\/Image3-150x150.jpeg 150w, https:\/\/daumantas007mainsite.r2ait.in\/wp-content\/uploads\/2023\/05\/Image3-768x768.jpeg 768w, https:\/\/daumantas007mainsite.r2ait.in\/wp-content\/uploads\/2023\/05\/Image3-1536x1536.jpeg 1536w, https:\/\/daumantas007mainsite.r2ait.in\/wp-content\/uploads\/2023\/05\/Image3-12x12.jpeg 12w, https:\/\/daumantas007mainsite.r2ait.in\/wp-content\/uploads\/2023\/05\/Image3.jpeg 1600w\" sizes=\"(max-width: 1024px) 100vw, 1024px\" \/><\/figure>\n<!-- \/wp:image -->\n\n<!-- wp:image {\"id\":580,\"sizeSlug\":\"large\",\"linkDestination\":\"none\"} -->\n<figure class=\"wp-block-image size-large\"><img decoding=\"async\" width=\"1024\" height=\"461\" src=\"https:\/\/daumantas007mainsite.r2ait.in\/wp-content\/uploads\/2023\/05\/Image4-1024x461.jpeg\" alt=\"\" class=\"wp-image-580\" srcset=\"https:\/\/daumantas007mainsite.r2ait.in\/wp-content\/uploads\/2023\/05\/Image4-1024x461.jpeg 1024w, https:\/\/daumantas007mainsite.r2ait.in\/wp-content\/uploads\/2023\/05\/Image4-300x135.jpeg 300w, https:\/\/daumantas007mainsite.r2ait.in\/wp-content\/uploads\/2023\/05\/Image4-768x346.jpeg 768w, https:\/\/daumantas007mainsite.r2ait.in\/wp-content\/uploads\/2023\/05\/Image4-1536x691.jpeg 1536w, https:\/\/daumantas007mainsite.r2ait.in\/wp-content\/uploads\/2023\/05\/Image4-18x8.jpeg 18w, https:\/\/daumantas007mainsite.r2ait.in\/wp-content\/uploads\/2023\/05\/Image4.jpeg 1600w\" sizes=\"(max-width: 1024px) 100vw, 1024px\" \/><\/figure>\n<!-- \/wp:image -->\n\n<!-- wp:image {\"id\":584,\"sizeSlug\":\"large\",\"linkDestination\":\"none\"} -->\n<figure class=\"wp-block-image size-large\"><img loading=\"lazy\" decoding=\"async\" width=\"836\" height=\"1024\" src=\"https:\/\/daumantas007mainsite.r2ait.in\/wp-content\/uploads\/2023\/05\/Image5-836x1024.jpeg\" alt=\"\" class=\"wp-image-584\" srcset=\"https:\/\/daumantas007mainsite.r2ait.in\/wp-content\/uploads\/2023\/05\/Image5-836x1024.jpeg 836w, https:\/\/daumantas007mainsite.r2ait.in\/wp-content\/uploads\/2023\/05\/Image5-245x300.jpeg 245w, https:\/\/daumantas007mainsite.r2ait.in\/wp-content\/uploads\/2023\/05\/Image5-768x940.jpeg 768w, https:\/\/daumantas007mainsite.r2ait.in\/wp-content\/uploads\/2023\/05\/Image5-1255x1536.jpeg 1255w, https:\/\/daumantas007mainsite.r2ait.in\/wp-content\/uploads\/2023\/05\/Image5-10x12.jpeg 10w, https:\/\/daumantas007mainsite.r2ait.in\/wp-content\/uploads\/2023\/05\/Image5.jpeg 1307w\" sizes=\"(max-width: 836px) 100vw, 836px\" \/><\/figure>\n<!-- \/wp:image -->\n\n<!-- wp:image {\"id\":579,\"sizeSlug\":\"large\",\"linkDestination\":\"none\"} -->\n<figure class=\"wp-block-image size-large\"><img loading=\"lazy\" decoding=\"async\" width=\"1024\" height=\"461\" src=\"https:\/\/daumantas007mainsite.r2ait.in\/wp-content\/uploads\/2023\/05\/Image6-1024x461.jpeg\" alt=\"\" class=\"wp-image-579\" srcset=\"https:\/\/daumantas007mainsite.r2ait.in\/wp-content\/uploads\/2023\/05\/Image6-1024x461.jpeg 1024w, https:\/\/daumantas007mainsite.r2ait.in\/wp-content\/uploads\/2023\/05\/Image6-300x135.jpeg 300w, https:\/\/daumantas007mainsite.r2ait.in\/wp-content\/uploads\/2023\/05\/Image6-768x346.jpeg 768w, https:\/\/daumantas007mainsite.r2ait.in\/wp-content\/uploads\/2023\/05\/Image6-1536x691.jpeg 1536w, https:\/\/daumantas007mainsite.r2ait.in\/wp-content\/uploads\/2023\/05\/Image6-18x8.jpeg 18w, https:\/\/daumantas007mainsite.r2ait.in\/wp-content\/uploads\/2023\/05\/Image6.jpeg 1600w\" sizes=\"(max-width: 1024px) 100vw, 1024px\" \/><\/figure>\n<!-- \/wp:image -->\n\n<!-- wp:image {\"id\":583,\"sizeSlug\":\"large\",\"linkDestination\":\"none\"} -->\n<figure class=\"wp-block-image size-large\"><img loading=\"lazy\" decoding=\"async\" width=\"1024\" height=\"576\" src=\"https:\/\/daumantas007mainsite.r2ait.in\/wp-content\/uploads\/2023\/05\/Image7-1024x576.jpeg\" alt=\"\" class=\"wp-image-583\" srcset=\"https:\/\/daumantas007mainsite.r2ait.in\/wp-content\/uploads\/2023\/05\/Image7-1024x576.jpeg 1024w, https:\/\/daumantas007mainsite.r2ait.in\/wp-content\/uploads\/2023\/05\/Image7-300x169.jpeg 300w, https:\/\/daumantas007mainsite.r2ait.in\/wp-content\/uploads\/2023\/05\/Image7-768x432.jpeg 768w, https:\/\/daumantas007mainsite.r2ait.in\/wp-content\/uploads\/2023\/05\/Image7-1536x864.jpeg 1536w, https:\/\/daumantas007mainsite.r2ait.in\/wp-content\/uploads\/2023\/05\/Image7-18x10.jpeg 18w, https:\/\/daumantas007mainsite.r2ait.in\/wp-content\/uploads\/2023\/05\/Image7.jpeg 1599w\" sizes=\"(max-width: 1024px) 100vw, 1024px\" \/><\/figure>\n<!-- \/wp:image --><\/figure>\n<!-- \/wp:gallery -->\n\n<!-- wp:gallery {\"linkTo\":\"none\"} -->\n<figure class=\"wp-block-gallery has-nested-images columns-default is-cropped\"><\/figure>\n<!-- \/wp:gallery -->    \r\n<!-- Start Job Features\r\n================================================== -->\r\n<div class=\"job-features\">\r\n            <h3>Job Features<\/h3>\r\n    \r\n    <table class=\"table\">\r\n        <tbody>\r\n                            <div class='row'>\r\n                    <div class='col-md-3 col-sm-6'>\r\n                        <div class='sjb-title-value'>\r\n                            <h4><i class='fab fa-black-tie' aria-hidden='true'><\/i>Job Category<\/h4>\r\n                            <p>Fizinis darbas<\/p>\r\n                        <\/div>\r\n                    <\/div>\r\n                                                <div class='col-md-3 col-sm-6'>\r\n                                    <div class='sjb-title-value'>\r\n                                        <h4><i class='fa fa-briefcase' aria-hidden='true'><\/i>Privalumas<\/h4>\r\n                                        <p>Pana\u0161aus darbo patirtis \/ vairuotojo pa\u017eym\u0117jimas<\/p>\r\n                                    <\/div>\r\n                                <\/div>\r\n                                                                <div class='col-md-3 col-sm-6'>\r\n                                    <div class='sjb-title-value'>\r\n                                        <h4><i class='fas fa-map-marked-alt' aria-hidden='true'><\/i>I\u0161vykimas<\/h4>\r\n                                        <p>I\u0161vykimas - sekan\u010di\u0105 savait\u0119<\/p>\r\n                                    <\/div>\r\n                                <\/div>\r\n                                                                <div class='col-md-3 col-sm-6'>\r\n                                    <div class='sjb-title-value'>\r\n                                        <h4><i class='fas fa-euro-sign' aria-hidden='true'><\/i>Si\u016blome<\/h4>\r\n                                        <p>Voki\u0161k\u0105 atlyginim\u0105 Nuo 2400-3000 - \u012f rankas<\/p>\r\n                                    <\/div>\r\n                                <\/div>\r\n                                        <\/tbody>\r\n    <\/table>\r\n\r\n<\/div>\r\n<!-- ==================================================\r\nEnd Job Features -->\r\n\r\n<div class=\"clearfix\"><\/div>\r\n<\/div>\r\n\r\n<div class=\"sjb-view-less-btn\" id=\"sjb_view_less_btn_393\">\r\n    <a data-id=\"393\" class=\"sjb_view_less_btn sjb_view_more_btn\">\r\n        View less            \r\n    <\/a>\r\n<\/div>\r\n<!-- ==================================================\r\nView long content end  -->\r\n\r\n    <!-- View more content end\r\n    ================================= -->\r\n\r\n    <!-- Start Job Short Description \r\n    ================================================== -->\r\n    <div class=\"job-description-list\">\r\n        <div id=\"sjb_less_content_393\"><p>Si\u016blome ger\u0105, stabil\u0173 ir ilgalaik\u012f darb\u0105 Vokietijoje &#8211; Metalo konstrukcij\u0173 \u012emon\u0117je&nbsp;Darbo pob\u016bdis: Metalo apdirb\u0117jas&nbsp;\u012emon\u0117 apr\u016bpins visais reikalingais \u012frankiais bei apmok...<a data-id=\"393\" class=\"sjb_view_more_btn\">View more<\/a><\/p><\/div>    <\/div>\r\n    <!-- ==================================================\r\n    End Job Short Description  -->\r\n\r\n        <\/div>\r\n<\/div>\r\n<!-- ==================================================\r\nEnd Jobs List View -->\r\n\r\n<div class=\"clearfix\"><\/div>\r\n\r\n\r\n    <\/div> <!-- end Jobs Listing: List View -->\r\n<\/div>\r\n<!-- End: Jobs Listing -->\r\n\r\n<div class=\"clearfix\"><\/div>\r\n<\/div>\r\n<!-- End: Jobs Listing Wrapper -->\r\n\r\n\n","protected":false},"excerpt":{"rendered":"","protected":false},"author":1,"featured_media":0,"parent":0,"menu_order":0,"comment_status":"closed","ping_status":"closed","template":"","meta":{"footnotes":""},"class_list":["post-298","page","type-page","status-publish","hentry"],"_links":{"self":[{"href":"https:\/\/daumantas007mainsite.r2ait.in\/index.php\/wp-json\/wp\/v2\/pages\/298","targetHints":{"allow":["GET"]}}],"collection":[{"href":"https:\/\/daumantas007mainsite.r2ait.in\/index.php\/wp-json\/wp\/v2\/pages"}],"about":[{"href":"https:\/\/daumantas007mainsite.r2ait.in\/index.php\/wp-json\/wp\/v2\/types\/page"}],"author":[{"embeddable":true,"href":"https:\/\/daumantas007mainsite.r2ait.in\/index.php\/wp-json\/wp\/v2\/users\/1"}],"replies":[{"embeddable":true,"href":"https:\/\/daumantas007mainsite.r2ait.in\/index.php\/wp-json\/wp\/v2\/comments?post=298"}],"version-history":[{"count":2,"href":"https:\/\/daumantas007mainsite.r2ait.in\/index.php\/wp-json\/wp\/v2\/pages\/298\/revisions"}],"predecessor-version":[{"id":399,"href":"https:\/\/daumantas007mainsite.r2ait.in\/index.php\/wp-json\/wp\/v2\/pages\/298\/revisions\/399"}],"wp:attachment":[{"href":"https:\/\/daumantas007mainsite.r2ait.in\/index.php\/wp-json\/wp\/v2\/media?parent=298"}],"curies":[{"name":"wp","href":"https:\/\/api.w.org\/{rel}","templated":true}]}}