{"id":237,"date":"2023-05-12T16:35:47","date_gmt":"2023-05-12T16:35:47","guid":{"rendered":"https:\/\/innovationprojects.lt\/?page_id=237"},"modified":"2025-09-19T11:15:46","modified_gmt":"2025-09-19T11:15:46","slug":"pradzia","status":"publish","type":"page","link":"https:\/\/daumantas007mainsite.r2ait.in\/","title":{"rendered":"Prad\u017eia"},"content":{"rendered":"\t\t<div data-elementor-type=\"wp-page\" data-elementor-id=\"237\" class=\"elementor elementor-237\">\n\t\t\t\t\t\t<section class=\"elementor-section elementor-top-section elementor-element elementor-element-1270ddb elementor-section-full_width elementor-section-height-default elementor-section-height-default\" data-id=\"1270ddb\" data-element_type=\"section\" data-e-type=\"section\" data-settings=\"{&quot;background_background&quot;:&quot;slideshow&quot;,&quot;background_slideshow_gallery&quot;:[{&quot;id&quot;:279,&quot;url&quot;:&quot;https:\\\/\\\/daumantas007mainsite.r2ait.in\\\/wp-content\\\/uploads\\\/2023\\\/05\\\/darbas-vokietijoje.jpg&quot;}],&quot;background_slideshow_loop&quot;:&quot;yes&quot;,&quot;background_slideshow_slide_duration&quot;:5000,&quot;background_slideshow_slide_transition&quot;:&quot;fade&quot;,&quot;background_slideshow_transition_duration&quot;:500}\">\n\t\t\t\t\t\t<div class=\"elementor-container elementor-column-gap-default\">\n\t\t\t\t\t<div class=\"elementor-column elementor-col-100 elementor-top-column elementor-element elementor-element-cfa2fb4\" data-id=\"cfa2fb4\" data-element_type=\"column\" data-e-type=\"column\">\n\t\t\t<div class=\"elementor-widget-wrap elementor-element-populated\">\n\t\t\t\t\t\t<div class=\"elementor-element elementor-element-98f7773 elementor-hidden-mobile elementor-widget elementor-widget-text-editor\" data-id=\"98f7773\" data-element_type=\"widget\" data-e-type=\"widget\" data-widget_type=\"text-editor.default\">\n\t\t\t\t<div class=\"elementor-widget-container\">\n\t\t\t\t\t\t\t\t\t<p>Patikimas kelias \u012f\u00a0<\/p><p style=\"color: #30a7df;\">DARB\u0104<\/p>\t\t\t\t\t\t\t\t<\/div>\n\t\t\t\t<\/div>\n\t\t\t\t<div class=\"elementor-element elementor-element-f6401e6 elementor-hidden-desktop elementor-hidden-tablet elementor-widget elementor-widget-text-editor\" data-id=\"f6401e6\" data-element_type=\"widget\" data-e-type=\"widget\" data-widget_type=\"text-editor.default\">\n\t\t\t\t<div class=\"elementor-widget-container\">\n\t\t\t\t\t\t\t\t\t<p>Pelningiausi darbo pasi\u016blymai<\/p><p style=\"color: #30a7df;\">U\u017dSIENYJE<\/p>\t\t\t\t\t\t\t\t<\/div>\n\t\t\t\t<\/div>\n\t\t\t\t<div class=\"elementor-element elementor-element-902c8cf elementor-widget elementor-widget-text-editor\" data-id=\"902c8cf\" data-element_type=\"widget\" data-e-type=\"widget\" data-widget_type=\"text-editor.default\">\n\t\t\t\t<div class=\"elementor-widget-container\">\n\t\t\t\t\t\t\t\t\t<p>M\u016bs\u0173 ekspertai parinks tinkamiausi\u0105 darbo pasi\u016blym\u0105 <br \/>pagal j\u016bs\u0173 patirt\u012f, \u012fg\u016bd\u017eius ir l\u016bkes\u010dius.<\/p>\t\t\t\t\t\t\t\t<\/div>\n\t\t\t\t<\/div>\n\t\t\t\t<div class=\"elementor-element elementor-element-eff2dbe elementor-align-center elementor-hidden-mobile elementor-widget elementor-widget-button\" data-id=\"eff2dbe\" data-element_type=\"widget\" data-e-type=\"widget\" data-widget_type=\"button.default\">\n\t\t\t\t<div class=\"elementor-widget-container\">\n\t\t\t\t\t\t\t\t\t<div class=\"elementor-button-wrapper\">\n\t\t\t\t\t<a class=\"elementor-button elementor-button-link elementor-size-md\" href=\"#registracija\">\n\t\t\t\t\t\t<span class=\"elementor-button-content-wrapper\">\n\t\t\t\t\t\t\t\t\t<span class=\"elementor-button-text\">Registruokis<\/span>\n\t\t\t\t\t<\/span>\n\t\t\t\t\t<\/a>\n\t\t\t\t<\/div>\n\t\t\t\t\t\t\t\t<\/div>\n\t\t\t\t<\/div>\n\t\t\t\t\t<\/div>\n\t\t<\/div>\n\t\t\t\t\t<\/div>\n\t\t<\/section>\n\t\t\t\t<section class=\"elementor-section elementor-top-section elementor-element elementor-element-3bf277a elementor-section-content-middle elementor-hidden-mobile elementor-section-boxed elementor-section-height-default elementor-section-height-default\" data-id=\"3bf277a\" data-element_type=\"section\" data-e-type=\"section\">\n\t\t\t\t\t\t<div class=\"elementor-container elementor-column-gap-default\">\n\t\t\t\t\t<div class=\"elementor-column elementor-col-50 elementor-top-column elementor-element elementor-element-e0aa67c\" data-id=\"e0aa67c\" data-element_type=\"column\" data-e-type=\"column\">\n\t\t\t<div class=\"elementor-widget-wrap elementor-element-populated\">\n\t\t\t\t\t\t<div class=\"elementor-element elementor-element-99c00a0 elementor-widget elementor-widget-image\" data-id=\"99c00a0\" data-element_type=\"widget\" data-e-type=\"widget\" data-widget_type=\"image.default\">\n\t\t\t\t<div class=\"elementor-widget-container\">\n\t\t\t\t\t\t\t\t\t\t\t\t\t\t\t<img fetchpriority=\"high\" decoding=\"async\" width=\"300\" height=\"300\" src=\"https:\/\/daumantas007mainsite.r2ait.in\/wp-content\/uploads\/2023\/03\/cropped-336643135_2007483416279285_4436352565929861709_n-300x300.jpg\" class=\"attachment-medium size-medium wp-image-148\" alt=\"\" srcset=\"https:\/\/daumantas007mainsite.r2ait.in\/wp-content\/uploads\/2023\/03\/cropped-336643135_2007483416279285_4436352565929861709_n-300x300.jpg 300w, https:\/\/daumantas007mainsite.r2ait.in\/wp-content\/uploads\/2023\/03\/cropped-336643135_2007483416279285_4436352565929861709_n-1024x1024.jpg 1024w, https:\/\/daumantas007mainsite.r2ait.in\/wp-content\/uploads\/2023\/03\/cropped-336643135_2007483416279285_4436352565929861709_n-150x150.jpg 150w, https:\/\/daumantas007mainsite.r2ait.in\/wp-content\/uploads\/2023\/03\/cropped-336643135_2007483416279285_4436352565929861709_n-768x768.jpg 768w, https:\/\/daumantas007mainsite.r2ait.in\/wp-content\/uploads\/2023\/03\/cropped-336643135_2007483416279285_4436352565929861709_n.jpg 1080w\" sizes=\"(max-width: 300px) 100vw, 300px\" \/>\t\t\t\t\t\t\t\t\t\t\t\t\t\t\t<\/div>\n\t\t\t\t<\/div>\n\t\t\t\t\t<\/div>\n\t\t<\/div>\n\t\t\t\t<div class=\"elementor-column elementor-col-50 elementor-top-column elementor-element elementor-element-60cfddb\" data-id=\"60cfddb\" data-element_type=\"column\" data-e-type=\"column\">\n\t\t\t<div class=\"elementor-widget-wrap elementor-element-populated\">\n\t\t\t\t\t\t<div class=\"elementor-element elementor-element-004d9ac elementor-widget elementor-widget-text-editor\" data-id=\"004d9ac\" data-element_type=\"widget\" data-e-type=\"widget\" data-widget_type=\"text-editor.default\">\n\t\t\t\t<div class=\"elementor-widget-container\">\n\t\t\t\t\t\t\t\t\t<div class=\"h-global-transition-all h-heading style-202 style-local-33-c23 position-relative h-element\" style=\"color: #333333; font-family: -apple-system, BlinkMacSystemFont, 'Segoe UI', Roboto, 'Helvetica Neue', Arial, 'Noto Sans', sans-serif, 'Apple Color Emoji', 'Segoe UI Emoji', 'Segoe UI Symbol', 'Noto Color Emoji';\" data-colibri-id=\"33-c23\">\n<div class=\"h-heading__outer style-202 style-local-33-c23\">\n<h4 class=\"\">INNOVATION PROJECTS<\/h4>\n<\/div>\n<\/div>\n<div class=\"h-text h-text-component style-203 style-local-33-c24 position-relative h-element\" style=\"color: #333333; font-family: -apple-system, BlinkMacSystemFont, 'Segoe UI', Roboto, 'Helvetica Neue', Arial, 'Noto Sans', sans-serif, 'Apple Color Emoji', 'Segoe UI Emoji', 'Segoe UI Symbol', 'Noto Color Emoji';\" data-colibri-id=\"33-c24\">\n<p>Mes esame \u012fdarbinimo agent\u016bra, kuri padeda \u017emon\u0117ms rasti darb\u0105 ir darbdaviams surasti gerus darbuotojus. M\u016bs\u0173 tikslas yra u\u017etikrinti, kad visi m\u016bs\u0173 klientai b\u016bt\u0173 patenkinti m\u016bs\u0173 teikiamoms paslaugomis, atliekame statyb\u0173 rangos darbus ir teikiame personalo nuom\u0105.<\/p>\n<div class=\"\">\n<p>Mes dirbame su skirting\u0173 sri\u010di\u0173 specialistais, kad gal\u0117tume pasi\u016blyti darbo vietas ir darbuotojus \u012fvairiose pramon\u0117s \u0161akose. Taip pat teikiame konsultacijas klientams, siekiantiems geriau suprasti darbo rink\u0105 ir j\u0173 galimybes jame.<\/p>\n<p>M\u016bs\u0173 agent\u016bros komanda yra patyrusi ir profesionali. Mes stengiam\u0117s u\u017etikrinti, kad visi m\u016bs\u0173 klientai gaut\u0173 auk\u0161\u010diausio lygio paslaugas. Mes suprantame, kad kiekvienas klientas yra unikalus, tod\u0117l mes dirbame individualiai su kiekvienu<br>klientu, siekdami u\u017etikrinti, kad j\u0173 poreikiai b\u016bt\u0173 geriausiai patenkinti.<\/p>\n<\/div>\n<\/div>\t\t\t\t\t\t\t\t<\/div>\n\t\t\t\t<\/div>\n\t\t\t\t\t<\/div>\n\t\t<\/div>\n\t\t\t\t\t<\/div>\n\t\t<\/section>\n\t\t\t\t<section class=\"elementor-section elementor-top-section elementor-element elementor-element-d35b532 elementor-section-content-middle elementor-hidden-desktop elementor-hidden-tablet elementor-section-boxed elementor-section-height-default elementor-section-height-default\" data-id=\"d35b532\" data-element_type=\"section\" data-e-type=\"section\">\n\t\t\t\t\t\t<div class=\"elementor-container elementor-column-gap-default\">\n\t\t\t\t\t<div class=\"elementor-column elementor-col-50 elementor-top-column elementor-element elementor-element-1e82a03\" data-id=\"1e82a03\" data-element_type=\"column\" data-e-type=\"column\">\n\t\t\t<div class=\"elementor-widget-wrap elementor-element-populated\">\n\t\t\t\t\t\t<div class=\"elementor-element elementor-element-8b06e28 elementor-widget elementor-widget-image\" data-id=\"8b06e28\" data-element_type=\"widget\" data-e-type=\"widget\" data-widget_type=\"image.default\">\n\t\t\t\t<div class=\"elementor-widget-container\">\n\t\t\t\t\t\t\t\t\t\t\t\t\t\t\t<img fetchpriority=\"high\" decoding=\"async\" width=\"300\" height=\"300\" src=\"https:\/\/daumantas007mainsite.r2ait.in\/wp-content\/uploads\/2023\/03\/cropped-336643135_2007483416279285_4436352565929861709_n-300x300.jpg\" class=\"attachment-medium size-medium wp-image-148\" alt=\"\" srcset=\"https:\/\/daumantas007mainsite.r2ait.in\/wp-content\/uploads\/2023\/03\/cropped-336643135_2007483416279285_4436352565929861709_n-300x300.jpg 300w, https:\/\/daumantas007mainsite.r2ait.in\/wp-content\/uploads\/2023\/03\/cropped-336643135_2007483416279285_4436352565929861709_n-1024x1024.jpg 1024w, https:\/\/daumantas007mainsite.r2ait.in\/wp-content\/uploads\/2023\/03\/cropped-336643135_2007483416279285_4436352565929861709_n-150x150.jpg 150w, https:\/\/daumantas007mainsite.r2ait.in\/wp-content\/uploads\/2023\/03\/cropped-336643135_2007483416279285_4436352565929861709_n-768x768.jpg 768w, https:\/\/daumantas007mainsite.r2ait.in\/wp-content\/uploads\/2023\/03\/cropped-336643135_2007483416279285_4436352565929861709_n.jpg 1080w\" sizes=\"(max-width: 300px) 100vw, 300px\" \/>\t\t\t\t\t\t\t\t\t\t\t\t\t\t\t<\/div>\n\t\t\t\t<\/div>\n\t\t\t\t\t<\/div>\n\t\t<\/div>\n\t\t\t\t<div class=\"elementor-column elementor-col-50 elementor-top-column elementor-element elementor-element-da05509\" data-id=\"da05509\" data-element_type=\"column\" data-e-type=\"column\">\n\t\t\t<div class=\"elementor-widget-wrap elementor-element-populated\">\n\t\t\t\t\t\t<div class=\"elementor-element elementor-element-6bacb67 elementor-widget elementor-widget-text-editor\" data-id=\"6bacb67\" data-element_type=\"widget\" data-e-type=\"widget\" data-widget_type=\"text-editor.default\">\n\t\t\t\t<div class=\"elementor-widget-container\">\n\t\t\t\t\t\t\t\t\t<div class=\"h-global-transition-all h-heading style-202 style-local-33-c23 position-relative h-element\" style=\"color: #333333; font-family: -apple-system, BlinkMacSystemFont, 'Segoe UI', Roboto, 'Helvetica Neue', Arial, 'Noto Sans', sans-serif, 'Apple Color Emoji', 'Segoe UI Emoji', 'Segoe UI Symbol', 'Noto Color Emoji';\" data-colibri-id=\"33-c23\"><div class=\"h-heading__outer style-202 style-local-33-c23\"><h4 class=\"\">INNOVATION PROJECTS<\/h4><\/div><\/div><div class=\"h-text h-text-component style-203 style-local-33-c24 position-relative h-element\" style=\"color: #333333; font-family: -apple-system, BlinkMacSystemFont, 'Segoe UI', Roboto, 'Helvetica Neue', Arial, 'Noto Sans', sans-serif, 'Apple Color Emoji', 'Segoe UI Emoji', 'Segoe UI Symbol', 'Noto Color Emoji';\" data-colibri-id=\"33-c24\"><p>Mes esame \u012fdarbinimo agent\u016bra, kuri padeda \u017emon\u0117ms rasti darb\u0105 ir darbdaviams surasti gerus darbuotojus. M\u016bs\u0173 tikslas yra u\u017etikrinti, kad visi m\u016bs\u0173 klientai b\u016bt\u0173 patenkinti m\u016bs\u0173 teikiamoms paslaugomis.<\/p><div class=\"\"><p>Mes dirbame su skirting\u0173 sri\u010di\u0173 specialistais, kad gal\u0117tume pasi\u016blyti darbo vietas ir darbuotojus \u012fvairiose pramon\u0117s \u0161akose. Taip pat teikiame konsultacijas klientams, siekiantiems geriau suprasti darbo rink\u0105 ir j\u0173 galimybes jame.<\/p><p>M\u016bs\u0173 agent\u016bros komanda yra patyrusi ir profesionali. Mes stengiam\u0117s u\u017etikrinti, kad visi m\u016bs\u0173 klientai gaut\u0173 auk\u0161\u010diausio lygio paslaugas. Mes suprantame, kad kiekvienas klientas yra unikalus, tod\u0117l mes dirbame individualiai su kiekvienu<br \/>klientu, siekdami u\u017etikrinti, kad j\u0173 poreikiai b\u016bt\u0173 geriausiai patenkinti.<\/p><\/div><\/div>\t\t\t\t\t\t\t\t<\/div>\n\t\t\t\t<\/div>\n\t\t\t\t\t<\/div>\n\t\t<\/div>\n\t\t\t\t\t<\/div>\n\t\t<\/section>\n\t\t\t\t<section class=\"elementor-section elementor-top-section elementor-element elementor-element-06576e4 elementor-section-boxed elementor-section-height-default elementor-section-height-default\" data-id=\"06576e4\" data-element_type=\"section\" data-e-type=\"section\">\n\t\t\t\t\t\t<div class=\"elementor-container elementor-column-gap-default\">\n\t\t\t\t\t<div class=\"elementor-column elementor-col-100 elementor-top-column elementor-element elementor-element-a104095\" data-id=\"a104095\" data-element_type=\"column\" data-e-type=\"column\">\n\t\t\t<div class=\"elementor-widget-wrap elementor-element-populated\">\n\t\t\t\t\t\t<div class=\"elementor-element elementor-element-87e349e elementor-widget elementor-widget-menu-anchor\" data-id=\"87e349e\" data-element_type=\"widget\" data-e-type=\"widget\" data-widget_type=\"menu-anchor.default\">\n\t\t\t\t<div class=\"elementor-widget-container\">\n\t\t\t\t\t\t\t<div class=\"elementor-menu-anchor\" id=\"registracija\"><\/div>\n\t\t\t\t\t\t<\/div>\n\t\t\t\t<\/div>\n\t\t\t\t\t<\/div>\n\t\t<\/div>\n\t\t\t\t\t<\/div>\n\t\t<\/section>\n\t\t\t\t<section class=\"elementor-section elementor-top-section elementor-element elementor-element-c228af8 elementor-hidden-mobile elementor-section-boxed elementor-section-height-default elementor-section-height-default\" data-id=\"c228af8\" data-element_type=\"section\" data-e-type=\"section\">\n\t\t\t\t\t\t<div class=\"elementor-container elementor-column-gap-default\">\n\t\t\t\t\t<div class=\"elementor-column elementor-col-100 elementor-top-column elementor-element elementor-element-49f2ea5\" data-id=\"49f2ea5\" data-element_type=\"column\" data-e-type=\"column\">\n\t\t\t<div class=\"elementor-widget-wrap elementor-element-populated\">\n\t\t\t\t\t\t<div class=\"elementor-element elementor-element-4370e19 elementor-widget elementor-widget-text-editor\" data-id=\"4370e19\" data-element_type=\"widget\" data-e-type=\"widget\" data-widget_type=\"text-editor.default\">\n\t\t\t\t<div class=\"elementor-widget-container\">\n\t\t\t\t\t\t\t\t\t<p>REGISTRUOKIS IR GAUK<\/p><p>\u00a0DARBO PASI\u016aLYM\u0104<\/p>\t\t\t\t\t\t\t\t<\/div>\n\t\t\t\t<\/div>\n\t\t\t\t\t<\/div>\n\t\t<\/div>\n\t\t\t\t\t<\/div>\n\t\t<\/section>\n\t\t\t\t<section class=\"elementor-section elementor-top-section elementor-element elementor-element-318e67b elementor-hidden-desktop elementor-hidden-tablet elementor-section-boxed elementor-section-height-default elementor-section-height-default\" data-id=\"318e67b\" data-element_type=\"section\" data-e-type=\"section\">\n\t\t\t\t\t\t<div class=\"elementor-container elementor-column-gap-default\">\n\t\t\t\t\t<div class=\"elementor-column elementor-col-100 elementor-top-column elementor-element elementor-element-a316ade\" data-id=\"a316ade\" data-element_type=\"column\" data-e-type=\"column\">\n\t\t\t<div class=\"elementor-widget-wrap elementor-element-populated\">\n\t\t\t\t\t\t<div class=\"elementor-element elementor-element-e15512e elementor-widget elementor-widget-text-editor\" data-id=\"e15512e\" data-element_type=\"widget\" data-e-type=\"widget\" data-widget_type=\"text-editor.default\">\n\t\t\t\t<div class=\"elementor-widget-container\">\n\t\t\t\t\t\t\t\t\t<p>REGISTRUOKIS\u00a0IR GAUK DARBO PASI\u016aLYM\u0104<\/p>\t\t\t\t\t\t\t\t<\/div>\n\t\t\t\t<\/div>\n\t\t\t\t\t<\/div>\n\t\t<\/div>\n\t\t\t\t\t<\/div>\n\t\t<\/section>\n\t\t\t\t<section class=\"elementor-section elementor-top-section elementor-element elementor-element-1898841 elementor-section-content-middle elementor-section-boxed elementor-section-height-default elementor-section-height-default\" data-id=\"1898841\" data-element_type=\"section\" data-e-type=\"section\">\n\t\t\t\t\t\t<div class=\"elementor-container elementor-column-gap-default\">\n\t\t\t\t\t<div class=\"elementor-column elementor-col-50 elementor-top-column elementor-element elementor-element-4579d21\" data-id=\"4579d21\" data-element_type=\"column\" data-e-type=\"column\">\n\t\t\t<div class=\"elementor-widget-wrap elementor-element-populated\">\n\t\t\t\t\t\t<div class=\"elementor-element elementor-element-3e6c772 elementor-widget elementor-widget-shortcode\" data-id=\"3e6c772\" data-element_type=\"widget\" data-e-type=\"widget\" data-widget_type=\"shortcode.default\">\n\t\t\t\t<div class=\"elementor-widget-container\">\n\t\t\t\t\t\t\t<div class=\"elementor-shortcode\"><div class=\"forminator-ui forminator-custom-form forminator-custom-form-526 forminator-design--material forminator-enclosed forminator_ajax\" data-forminator-render=\"0\" data-form=\"forminator-module-526\" data-uid=\"69e23fa929da4\"><br\/><\/div><form\n\t\t\t\tid=\"forminator-module-526\"\n\t\t\t\tclass=\"forminator-ui forminator-custom-form forminator-custom-form-526 forminator-design--material forminator-enclosed forminator_ajax\"\n\t\t\t\tmethod=\"post\"\n\t\t\t\tdata-forminator-render=\"0\"\n\t\t\t\tdata-form-id=\"526\"\n\t\t\t\tenctype=\"multipart\/form-data\" data-color-option=\"default\" data-design=\"material\" data-grid=\"enclosed\" style=\"display: none;\"\n\t\t\t\tdata-uid=\"69e23fa929da4\"\n\t\t\t><div role=\"alert\" aria-live=\"polite\" class=\"forminator-response-message forminator-error\" aria-hidden=\"true\"><\/div><div class=\"forminator-row\"><div id=\"name-1\" class=\"forminator-field-name forminator-col forminator-col-12 \"><div class=\"forminator-field\"><label for=\"forminator-field-name-1_69e23fa929da4\" id=\"forminator-field-name-1_69e23fa929da4-label\" class=\"forminator-label\">Vardas <span class=\"forminator-required\">*<\/span><\/label><input type=\"text\" name=\"name-1\" value=\"\" placeholder=\"Vardas\" id=\"forminator-field-name-1_69e23fa929da4\" class=\"forminator-input forminator-name--field\" aria-required=\"true\" autocomplete=\"name\" \/><\/div><\/div><\/div><div class=\"forminator-row\"><div id=\"email-1\" class=\"forminator-field-email forminator-col forminator-col-12 \"><div class=\"forminator-field\"><label for=\"forminator-field-email-1_69e23fa929da4\" id=\"forminator-field-email-1_69e23fa929da4-label\" class=\"forminator-label\">El. Pa\u0161tas <span class=\"forminator-required\">*<\/span><\/label><input type=\"email\" name=\"email-1\" value=\"\" placeholder=\"labas@gmail.com\" id=\"forminator-field-email-1_69e23fa929da4\" class=\"forminator-input forminator-email--field\" data-required=\"true\" aria-required=\"true\" autocomplete=\"email\" \/><\/div><\/div><\/div><div class=\"forminator-row\"><div id=\"phone-1\" class=\"forminator-field-phone forminator-col forminator-col-12 \"><div class=\"forminator-field\"><label for=\"forminator-field-phone-1_69e23fa929da4\" id=\"forminator-field-phone-1_69e23fa929da4-label\" class=\"forminator-label\">Tel. Nr. <span class=\"forminator-required\">*<\/span><\/label><input type=\"text\" name=\"phone-1\" value=\"\" placeholder=\"+370 639 93983\" id=\"forminator-field-phone-1_69e23fa929da4\" class=\"forminator-input forminator-field--phone\" data-required=\"1\" aria-required=\"true\" autocomplete=\"off\" \/><\/div><\/div><\/div><div class=\"forminator-row\"><div id=\"upload-1\" class=\"forminator-field-upload forminator-col forminator-col-12 \"><div class=\"forminator-field\"><label for=\"forminator-field-upload-1_69e23fa929da4\" id=\"forminator-field-upload-1_69e23fa929da4-label\" class=\"forminator-label\">CV<\/label><div class=\"forminator-multi-upload \" data-element=\"upload-1_69e23fa929da4\"><input type=\"file\" name=\"upload-1[]\" id=\"forminator-field-upload-1_69e23fa929da4\" class=\"forminator-input-file forminator-field-upload-1_69e23fa929da4-526\" multiple=\"multiple\" data-method=\"ajax\" data-size=\"8000000\" data-size-message=\"Maximum file size allowed is 8 MB. \"><div class=\"forminator-multi-upload-message\" aria-hidden=\"true\"><span class=\"forminator-icon-upload\" aria-hidden=\"true\"><\/span><p>Drag and Drop (or) <a class=\"forminator-upload-file--forminator-field-upload-1_69e23fa929da4\" href=\"#\" onclick=\"return false;\">Choose Files<\/a><\/p><\/div><\/div><ul class=\"forminator-uploaded-files upload-container-upload-1_69e23fa929da4\"><\/ul><\/div><\/div><\/div><div class=\"forminator-row\"><div id=\"textarea-1\" class=\"forminator-field-textarea forminator-col forminator-col-12 \"><div class=\"forminator-field\"><label for=\"forminator-field-textarea-1_69e23fa929da4\" id=\"forminator-field-textarea-1_69e23fa929da4-label\" class=\"forminator-label\">Papildoma informacija<\/label><textarea name=\"textarea-1\" placeholder=\"Para\u0161ykite mums...\" id=\"forminator-field-textarea-1_69e23fa929da4\" class=\"forminator-textarea\" rows=\"6\" style=\"min-height:140px;\" maxlength=\"180\" ><\/textarea><span id=\"forminator-field-textarea-1_69e23fa929da4-description\" class=\"forminator-description\"><span data-limit=\"180\" data-type=\"characters\" data-editor=\"\">0 \/ 180<\/span><\/span><\/div><\/div><\/div><input type=\"hidden\" name=\"referer_url\" value=\"\" \/><div class=\"forminator-row forminator-row-last\"><div class=\"forminator-col\"><div class=\"forminator-field\"><button class=\"forminator-button forminator-button-submit\"><span>Si\u0173sti<\/span><span aria-hidden=\"true\"><\/span><\/button><\/div><\/div><\/div><input type=\"hidden\" id=\"forminator_nonce\" name=\"forminator_nonce\" value=\"bd98054d78\" \/><input type=\"hidden\" name=\"_wp_http_referer\" value=\"\/index.php\/wp-json\/wp\/v2\/pages\/237\" \/><input type=\"hidden\" name=\"form_id\" value=\"526\"><input type=\"hidden\" name=\"page_id\" value=\"237\"><input type=\"hidden\" name=\"form_type\" value=\"default\"><input type=\"hidden\" name=\"current_url\" value=\"https:\/\/daumantas007mainsite.r2ait.in\/\"><input type=\"hidden\" name=\"render_id\" value=\"0\"><input type=\"hidden\" name=\"forminator-multifile-hidden\" class=\"forminator-multifile-hidden\"><input type=\"hidden\" name=\"action\" value=\"forminator_submit_form_custom-forms\"><\/form><\/div>\n\t\t\t\t\t\t<\/div>\n\t\t\t\t<\/div>\n\t\t\t\t\t<\/div>\n\t\t<\/div>\n\t\t\t\t<div class=\"elementor-column elementor-col-50 elementor-top-column elementor-element elementor-element-c172efb\" data-id=\"c172efb\" data-element_type=\"column\" data-e-type=\"column\">\n\t\t\t<div class=\"elementor-widget-wrap elementor-element-populated\">\n\t\t\t\t\t\t<div class=\"elementor-element elementor-element-196cfba elementor-hidden-mobile elementor-widget elementor-widget-google_maps\" data-id=\"196cfba\" data-element_type=\"widget\" data-e-type=\"widget\" data-widget_type=\"google_maps.default\">\n\t\t\t\t<div class=\"elementor-widget-container\">\n\t\t\t\t\t\t\t<div class=\"elementor-custom-embed\">\n\t\t\t<iframe loading=\"lazy\"\n\t\t\t\t\tsrc=\"https:\/\/maps.google.com\/maps?q=V.Kudirkos%20g2%20.%20Marijampol%C4%97&#038;t=m&#038;z=14&#038;output=embed&#038;iwloc=near\"\n\t\t\t\t\ttitle=\"V.Kudirkos g2 . Marijampol\u0117\"\n\t\t\t\t\taria-label=\"V.Kudirkos g2 . Marijampol\u0117\"\n\t\t\t><\/iframe>\n\t\t<\/div>\n\t\t\t\t\t\t<\/div>\n\t\t\t\t<\/div>\n\t\t\t\t\t<\/div>\n\t\t<\/div>\n\t\t\t\t\t<\/div>\n\t\t<\/section>\n\t\t\t\t<\/div>\n\t\t","protected":false},"excerpt":{"rendered":"<p>Patikimas kelias \u012f\u00a0 DARB\u0104 Pelningiausi darbo pasi\u016blymai U\u017dSIENYJE M\u016bs\u0173 ekspertai parinks tinkamiausi\u0105 darbo pasi\u016blym\u0105 pagal j\u016bs\u0173 patirt\u012f, \u012fg\u016bd\u017eius ir l\u016bkes\u010dius. Registruokis INNOVATION PROJECTS Mes esame \u012fdarbinimo agent\u016bra, kuri padeda \u017emon\u0117ms rasti darb\u0105 ir darbdaviams surasti gerus darbuotojus. M\u016bs\u0173 tikslas yra u\u017etikrinti, kad visi m\u016bs\u0173 klientai b\u016bt\u0173 patenkinti m\u016bs\u0173 teikiamoms paslaugomis, atliekame statyb\u0173 rangos darbus ir [&hellip;]<\/p>\n","protected":false},"author":1,"featured_media":0,"parent":0,"menu_order":0,"comment_status":"closed","ping_status":"closed","template":"","meta":{"footnotes":""},"class_list":["post-237","page","type-page","status-publish","hentry"],"_links":{"self":[{"href":"https:\/\/daumantas007mainsite.r2ait.in\/index.php\/wp-json\/wp\/v2\/pages\/237","targetHints":{"allow":["GET"]}}],"collection":[{"href":"https:\/\/daumantas007mainsite.r2ait.in\/index.php\/wp-json\/wp\/v2\/pages"}],"about":[{"href":"https:\/\/daumantas007mainsite.r2ait.in\/index.php\/wp-json\/wp\/v2\/types\/page"}],"author":[{"embeddable":true,"href":"https:\/\/daumantas007mainsite.r2ait.in\/index.php\/wp-json\/wp\/v2\/users\/1"}],"replies":[{"embeddable":true,"href":"https:\/\/daumantas007mainsite.r2ait.in\/index.php\/wp-json\/wp\/v2\/comments?post=237"}],"version-history":[{"count":335,"href":"https:\/\/daumantas007mainsite.r2ait.in\/index.php\/wp-json\/wp\/v2\/pages\/237\/revisions"}],"predecessor-version":[{"id":867,"href":"https:\/\/daumantas007mainsite.r2ait.in\/index.php\/wp-json\/wp\/v2\/pages\/237\/revisions\/867"}],"wp:attachment":[{"href":"https:\/\/daumantas007mainsite.r2ait.in\/index.php\/wp-json\/wp\/v2\/media?parent=237"}],"curies":[{"name":"wp","href":"https:\/\/api.w.org\/{rel}","templated":true}]}}